{"id":357,"date":"2024-09-11T21:18:40","date_gmt":"2024-09-11T19:18:40","guid":{"rendered":"https:\/\/sunandmoon.re\/?post_type=product&#038;p=357"},"modified":"2024-09-23T19:20:46","modified_gmt":"2024-09-23T17:20:46","slug":"question-au-pendule-un-domaine","status":"publish","type":"product","link":"https:\/\/sunandmoon.re\/index.php\/produit\/question-au-pendule-un-domaine\/","title":{"rendered":"Question Un Domaine"},"content":{"rendered":"<h2><span style=\"font-weight: 400;\">Informations \u00e0 lire avant la consultation<\/span><\/h2>\n<p><span style=\"font-weight: 400;\">Vous allez prendre une consultation avec moi, et je vous pr\u00e9cise quelques points avant de finaliser votre achat :\u00a0<\/span><span style=\"font-weight: 400;\">Ce que vous achetez c\u2019est \u201cmon interpr\u00e9tation\u201d sur un sujet.\u00a0<\/span><\/p>\n<p><span style=\"font-weight: 400;\">Je ne peux \u00eatre tenue responsable si le message re\u00e7u ne vous convient pas.\u00a0<\/span><span style=\"font-weight: 400;\">Il est tr\u00e8s important pour moi d\u2019\u00eatre honn\u00eate sur ce que le jeu dira, je ne vends pas du r\u00eave.\u00a0<\/span><span style=\"font-weight: 400;\">Vous ne serez pas rembours\u00e9 si vous avez re\u00e7u votre prestation.\u00a0\u00a0<\/span><\/p>\n<p><b>Je ne traite pas les sujets concernant la sant\u00e9 et les enfants mineurs.\u00a0<\/b><\/p>\n<p><span style=\"font-weight: 400;\">Vous ne devez pas faire appel \u00e0 mes services de fa\u00e7on excessive. Certaines personnes peuvent \u00eatre addictes et doivent se tourner vers un professionnel de la sant\u00e9 en cas de besoin.\u00a0<\/span><\/p>\n<p><span style=\"font-weight: 400;\">Quel que soit le message, vous gardez votre libre arbitre et restez libre d\u2019y croire ou pas.<\/span><\/p>\n<p><span style=\"font-weight: 400;\">Tous mes services sont propos\u00e9s \u00e0 des fins de divertissement.\u00a0<\/span><\/p>\n","protected":false},"excerpt":{"rendered":"<p><span style=\"font-weight: 400;\">C\u2019est la divination avec comme support les cartes. J\u2019utilise principalement le tarot de Marseille, les tarots assimil\u00e9s Rider-Waite (les arcanes mineures ont des illustrations), diff\u00e9rents oracles comme Le Belline, Le Symbolon etc \u2026\u00a0<\/span><\/p>\n<p>Gr\u00e2ce \u00e0 cette prestation, je te propose d&rsquo;aller explorer un domaine en particulier. Il peut \u00eatre relationnel c&rsquo;est \u00e0 dire sentimental, amical, familial ou alors professionnel. Tu recevras un fichier vid\u00e9o \u00e0 t\u00e9l\u00e9charger par mail que tu pourras visionner et conserver \u00e0 ta guise.<\/p>\n","protected":false},"featured_media":354,"comment_status":"open","ping_status":"closed","template":"","meta":[],"product_brand":[],"product_cat":[28,29],"product_tag":[],"class_list":{"0":"post-357","1":"product","2":"type-product","3":"status-publish","4":"has-post-thumbnail","6":"product_cat-cartomancie","7":"product_cat-prestations-a-distance","9":"first","10":"instock","11":"virtual","12":"taxable","13":"purchasable","14":"product-type-simple"},"yoast_head":"<!-- This site is optimized with the Yoast SEO plugin v27.3 - https:\/\/yoast.com\/product\/yoast-seo-wordpress\/ -->\n<title>Question Un Domaine - Sun and Moon<\/title>\n<meta name=\"robots\" content=\"index, follow, max-snippet:-1, max-image-preview:large, max-video-preview:-1\" \/>\n<link rel=\"canonical\" href=\"https:\/\/sunandmoon.re\/index.php\/produit\/question-au-pendule-un-domaine\/\" \/>\n<meta property=\"og:locale\" content=\"fr_FR\" \/>\n<meta property=\"og:type\" content=\"article\" \/>\n<meta property=\"og:title\" content=\"Question Un Domaine - Sun and Moon\" \/>\n<meta property=\"og:description\" content=\"C\u2019est la divination avec comme support les cartes. J\u2019utilise principalement le tarot de Marseille, les tarots assimil\u00e9s Rider-Waite (les arcanes mineures ont des illustrations), diff\u00e9rents oracles comme Le Belline, Le Symbolon etc \u2026\u00a0  Gr\u00e2ce \u00e0 cette prestation, je te propose d&#039;aller explorer un domaine en particulier. Il peut \u00eatre relationnel c&#039;est \u00e0 dire sentimental, amical, familial ou alors professionnel. Tu recevras un fichier vid\u00e9o \u00e0 t\u00e9l\u00e9charger par mail que tu pourras visionner et conserver \u00e0 ta guise.\" \/>\n<meta property=\"og:url\" content=\"https:\/\/sunandmoon.re\/index.php\/produit\/question-au-pendule-un-domaine\/\" \/>\n<meta property=\"og:site_name\" content=\"Sun and Moon\" \/>\n<meta property=\"article:modified_time\" content=\"2024-09-23T17:20:46+00:00\" \/>\n<meta property=\"og:image\" content=\"https:\/\/sunandmoon.re\/wp-content\/uploads\/2024\/09\/sun-and-moon-Cartomancie.jpg\" \/>\n\t<meta property=\"og:image:width\" content=\"800\" \/>\n\t<meta property=\"og:image:height\" content=\"533\" \/>\n\t<meta property=\"og:image:type\" content=\"image\/jpeg\" \/>\n<meta name=\"twitter:card\" content=\"summary_large_image\" \/>\n<meta name=\"twitter:label1\" content=\"Dur\u00e9e de lecture estim\u00e9e\" \/>\n\t<meta name=\"twitter:data1\" content=\"1 minute\" \/>\n<script type=\"application\/ld+json\" class=\"yoast-schema-graph\">{\"@context\":\"https:\\\/\\\/schema.org\",\"@graph\":[{\"@type\":\"WebPage\",\"@id\":\"https:\\\/\\\/sunandmoon.re\\\/index.php\\\/produit\\\/question-au-pendule-un-domaine\\\/\",\"url\":\"https:\\\/\\\/sunandmoon.re\\\/index.php\\\/produit\\\/question-au-pendule-un-domaine\\\/\",\"name\":\"Question Un Domaine - Sun and Moon\",\"isPartOf\":{\"@id\":\"https:\\\/\\\/sunandmoon.re\\\/#website\"},\"primaryImageOfPage\":{\"@id\":\"https:\\\/\\\/sunandmoon.re\\\/index.php\\\/produit\\\/question-au-pendule-un-domaine\\\/#primaryimage\"},\"image\":{\"@id\":\"https:\\\/\\\/sunandmoon.re\\\/index.php\\\/produit\\\/question-au-pendule-un-domaine\\\/#primaryimage\"},\"thumbnailUrl\":\"https:\\\/\\\/sunandmoon.re\\\/wp-content\\\/uploads\\\/2024\\\/09\\\/sun-and-moon-Cartomancie.jpg\",\"datePublished\":\"2024-09-11T19:18:40+00:00\",\"dateModified\":\"2024-09-23T17:20:46+00:00\",\"breadcrumb\":{\"@id\":\"https:\\\/\\\/sunandmoon.re\\\/index.php\\\/produit\\\/question-au-pendule-un-domaine\\\/#breadcrumb\"},\"inLanguage\":\"fr-FR\",\"potentialAction\":[{\"@type\":\"ReadAction\",\"target\":[\"https:\\\/\\\/sunandmoon.re\\\/index.php\\\/produit\\\/question-au-pendule-un-domaine\\\/\"]}]},{\"@type\":\"ImageObject\",\"inLanguage\":\"fr-FR\",\"@id\":\"https:\\\/\\\/sunandmoon.re\\\/index.php\\\/produit\\\/question-au-pendule-un-domaine\\\/#primaryimage\",\"url\":\"https:\\\/\\\/sunandmoon.re\\\/wp-content\\\/uploads\\\/2024\\\/09\\\/sun-and-moon-Cartomancie.jpg\",\"contentUrl\":\"https:\\\/\\\/sunandmoon.re\\\/wp-content\\\/uploads\\\/2024\\\/09\\\/sun-and-moon-Cartomancie.jpg\",\"width\":800,\"height\":533},{\"@type\":\"BreadcrumbList\",\"@id\":\"https:\\\/\\\/sunandmoon.re\\\/index.php\\\/produit\\\/question-au-pendule-un-domaine\\\/#breadcrumb\",\"itemListElement\":[{\"@type\":\"ListItem\",\"position\":1,\"name\":\"Accueil\",\"item\":\"https:\\\/\\\/sunandmoon.re\\\/\"},{\"@type\":\"ListItem\",\"position\":2,\"name\":\"Validation de la commande\",\"item\":\"https:\\\/\\\/sunandmoon.re\\\/index.php\\\/commander\\\/\"},{\"@type\":\"ListItem\",\"position\":3,\"name\":\"Question Un Domaine\"}]},{\"@type\":\"WebSite\",\"@id\":\"https:\\\/\\\/sunandmoon.re\\\/#website\",\"url\":\"https:\\\/\\\/sunandmoon.re\\\/\",\"name\":\"Sun and Moon\",\"description\":\"Votre voyante \u00e0 La R\u00e9union\",\"publisher\":{\"@id\":\"https:\\\/\\\/sunandmoon.re\\\/#organization\"},\"potentialAction\":[{\"@type\":\"SearchAction\",\"target\":{\"@type\":\"EntryPoint\",\"urlTemplate\":\"https:\\\/\\\/sunandmoon.re\\\/?s={search_term_string}\"},\"query-input\":{\"@type\":\"PropertyValueSpecification\",\"valueRequired\":true,\"valueName\":\"search_term_string\"}}],\"inLanguage\":\"fr-FR\"},{\"@type\":\"Organization\",\"@id\":\"https:\\\/\\\/sunandmoon.re\\\/#organization\",\"name\":\"Sun and Moon\",\"url\":\"https:\\\/\\\/sunandmoon.re\\\/\",\"logo\":{\"@type\":\"ImageObject\",\"inLanguage\":\"fr-FR\",\"@id\":\"https:\\\/\\\/sunandmoon.re\\\/#\\\/schema\\\/logo\\\/image\\\/\",\"url\":\"https:\\\/\\\/sunandmoon.re\\\/wp-content\\\/uploads\\\/2023\\\/06\\\/cropped-8333545_transparent-1-1.png\",\"contentUrl\":\"https:\\\/\\\/sunandmoon.re\\\/wp-content\\\/uploads\\\/2023\\\/06\\\/cropped-8333545_transparent-1-1.png\",\"width\":1078,\"height\":1080,\"caption\":\"Sun and Moon\"},\"image\":{\"@id\":\"https:\\\/\\\/sunandmoon.re\\\/#\\\/schema\\\/logo\\\/image\\\/\"}}]}<\/script>\n<!-- \/ Yoast SEO plugin. -->","yoast_head_json":{"title":"Question Un Domaine - Sun and Moon","robots":{"index":"index","follow":"follow","max-snippet":"max-snippet:-1","max-image-preview":"max-image-preview:large","max-video-preview":"max-video-preview:-1"},"canonical":"https:\/\/sunandmoon.re\/index.php\/produit\/question-au-pendule-un-domaine\/","og_locale":"fr_FR","og_type":"article","og_title":"Question Un Domaine - Sun and Moon","og_description":"C\u2019est la divination avec comme support les cartes. J\u2019utilise principalement le tarot de Marseille, les tarots assimil\u00e9s Rider-Waite (les arcanes mineures ont des illustrations), diff\u00e9rents oracles comme Le Belline, Le Symbolon etc \u2026\u00a0  Gr\u00e2ce \u00e0 cette prestation, je te propose d'aller explorer un domaine en particulier. Il peut \u00eatre relationnel c'est \u00e0 dire sentimental, amical, familial ou alors professionnel. Tu recevras un fichier vid\u00e9o \u00e0 t\u00e9l\u00e9charger par mail que tu pourras visionner et conserver \u00e0 ta guise.","og_url":"https:\/\/sunandmoon.re\/index.php\/produit\/question-au-pendule-un-domaine\/","og_site_name":"Sun and Moon","article_modified_time":"2024-09-23T17:20:46+00:00","og_image":[{"width":800,"height":533,"url":"https:\/\/sunandmoon.re\/wp-content\/uploads\/2024\/09\/sun-and-moon-Cartomancie.jpg","type":"image\/jpeg"}],"twitter_card":"summary_large_image","twitter_misc":{"Dur\u00e9e de lecture estim\u00e9e":"1 minute"},"schema":{"@context":"https:\/\/schema.org","@graph":[{"@type":"WebPage","@id":"https:\/\/sunandmoon.re\/index.php\/produit\/question-au-pendule-un-domaine\/","url":"https:\/\/sunandmoon.re\/index.php\/produit\/question-au-pendule-un-domaine\/","name":"Question Un Domaine - Sun and Moon","isPartOf":{"@id":"https:\/\/sunandmoon.re\/#website"},"primaryImageOfPage":{"@id":"https:\/\/sunandmoon.re\/index.php\/produit\/question-au-pendule-un-domaine\/#primaryimage"},"image":{"@id":"https:\/\/sunandmoon.re\/index.php\/produit\/question-au-pendule-un-domaine\/#primaryimage"},"thumbnailUrl":"https:\/\/sunandmoon.re\/wp-content\/uploads\/2024\/09\/sun-and-moon-Cartomancie.jpg","datePublished":"2024-09-11T19:18:40+00:00","dateModified":"2024-09-23T17:20:46+00:00","breadcrumb":{"@id":"https:\/\/sunandmoon.re\/index.php\/produit\/question-au-pendule-un-domaine\/#breadcrumb"},"inLanguage":"fr-FR","potentialAction":[{"@type":"ReadAction","target":["https:\/\/sunandmoon.re\/index.php\/produit\/question-au-pendule-un-domaine\/"]}]},{"@type":"ImageObject","inLanguage":"fr-FR","@id":"https:\/\/sunandmoon.re\/index.php\/produit\/question-au-pendule-un-domaine\/#primaryimage","url":"https:\/\/sunandmoon.re\/wp-content\/uploads\/2024\/09\/sun-and-moon-Cartomancie.jpg","contentUrl":"https:\/\/sunandmoon.re\/wp-content\/uploads\/2024\/09\/sun-and-moon-Cartomancie.jpg","width":800,"height":533},{"@type":"BreadcrumbList","@id":"https:\/\/sunandmoon.re\/index.php\/produit\/question-au-pendule-un-domaine\/#breadcrumb","itemListElement":[{"@type":"ListItem","position":1,"name":"Accueil","item":"https:\/\/sunandmoon.re\/"},{"@type":"ListItem","position":2,"name":"Validation de la commande","item":"https:\/\/sunandmoon.re\/index.php\/commander\/"},{"@type":"ListItem","position":3,"name":"Question Un Domaine"}]},{"@type":"WebSite","@id":"https:\/\/sunandmoon.re\/#website","url":"https:\/\/sunandmoon.re\/","name":"Sun and Moon","description":"Votre voyante \u00e0 La R\u00e9union","publisher":{"@id":"https:\/\/sunandmoon.re\/#organization"},"potentialAction":[{"@type":"SearchAction","target":{"@type":"EntryPoint","urlTemplate":"https:\/\/sunandmoon.re\/?s={search_term_string}"},"query-input":{"@type":"PropertyValueSpecification","valueRequired":true,"valueName":"search_term_string"}}],"inLanguage":"fr-FR"},{"@type":"Organization","@id":"https:\/\/sunandmoon.re\/#organization","name":"Sun and Moon","url":"https:\/\/sunandmoon.re\/","logo":{"@type":"ImageObject","inLanguage":"fr-FR","@id":"https:\/\/sunandmoon.re\/#\/schema\/logo\/image\/","url":"https:\/\/sunandmoon.re\/wp-content\/uploads\/2023\/06\/cropped-8333545_transparent-1-1.png","contentUrl":"https:\/\/sunandmoon.re\/wp-content\/uploads\/2023\/06\/cropped-8333545_transparent-1-1.png","width":1078,"height":1080,"caption":"Sun and Moon"},"image":{"@id":"https:\/\/sunandmoon.re\/#\/schema\/logo\/image\/"}}]}},"_links":{"self":[{"href":"https:\/\/sunandmoon.re\/index.php\/wp-json\/wp\/v2\/product\/357","targetHints":{"allow":["GET"]}}],"collection":[{"href":"https:\/\/sunandmoon.re\/index.php\/wp-json\/wp\/v2\/product"}],"about":[{"href":"https:\/\/sunandmoon.re\/index.php\/wp-json\/wp\/v2\/types\/product"}],"replies":[{"embeddable":true,"href":"https:\/\/sunandmoon.re\/index.php\/wp-json\/wp\/v2\/comments?post=357"}],"wp:featuredmedia":[{"embeddable":true,"href":"https:\/\/sunandmoon.re\/index.php\/wp-json\/wp\/v2\/media\/354"}],"wp:attachment":[{"href":"https:\/\/sunandmoon.re\/index.php\/wp-json\/wp\/v2\/media?parent=357"}],"wp:term":[{"taxonomy":"product_brand","embeddable":true,"href":"https:\/\/sunandmoon.re\/index.php\/wp-json\/wp\/v2\/product_brand?post=357"},{"taxonomy":"product_cat","embeddable":true,"href":"https:\/\/sunandmoon.re\/index.php\/wp-json\/wp\/v2\/product_cat?post=357"},{"taxonomy":"product_tag","embeddable":true,"href":"https:\/\/sunandmoon.re\/index.php\/wp-json\/wp\/v2\/product_tag?post=357"}],"curies":[{"name":"wp","href":"https:\/\/api.w.org\/{rel}","templated":true}]}}