{"id":46,"date":"2023-07-18T18:43:25","date_gmt":"2023-07-18T16:43:25","guid":{"rendered":"https:\/\/sunandmoon.re\/?page_id=46"},"modified":"2024-10-07T18:41:25","modified_gmt":"2024-10-07T16:41:25","slug":"a-propos","status":"publish","type":"page","link":"https:\/\/sunandmoon.re\/index.php\/a-propos\/","title":{"rendered":"\u00c0 propos"},"content":{"rendered":"\t\t<div data-elementor-type=\"wp-page\" data-elementor-id=\"46\" class=\"elementor elementor-46\">\n\t\t\t\t<div class=\"elementor-element elementor-element-449288a e-flex e-con-boxed e-con e-parent\" data-id=\"449288a\" data-element_type=\"container\" data-e-type=\"container\">\n\t\t\t\t\t<div class=\"e-con-inner\">\n\t\t<div class=\"elementor-element elementor-element-97adaf0 e-con-full e-flex e-con e-child\" data-id=\"97adaf0\" data-element_type=\"container\" data-e-type=\"container\">\n\t\t\t\t<div class=\"elementor-element elementor-element-b0fd75d elementor-widget elementor-widget-text-editor\" data-id=\"b0fd75d\" data-element_type=\"widget\" data-e-type=\"widget\" data-widget_type=\"text-editor.default\">\n\t\t\t\t<div class=\"elementor-widget-container\">\n\t\t\t\t\t\t\t\t\t<p>Bonjour, je m\u2019appelle Ma\u00ebva. J\u2019ai \u00e9t\u00e9 fortement attir\u00e9e par les arts divinatoires suite \u00e0 un \u00e9tat de sid\u00e9ration intense il y a de cela plusieurs ann\u00e9es.<\/p><p>Dans cet espace \u201cvide\u201d, je n\u2019avais aucune direction, j\u2019\u00e9tais sans rep\u00e8re. C&rsquo;est \u00e0 ce moment-l\u00e0 que j\u2019ai ressenti comme un appel. Cela peut para\u00eetre tr\u00e8s clich\u00e9 mais pour autant je ne pourrais le d\u00e9crire autrement.<\/p><p>De nature cart\u00e9sienne, j\u2019ai longtemps \u00e9t\u00e9 ferm\u00e9e \u00e0 l\u2019\u00e9sot\u00e9risme. Et pourtant, je suis clairsentiente depuis petite.<\/p><p>Mais suite \u00e0 ce tournant dans ma vie, j\u2019ai commenc\u00e9 \u00e0 \u00e9tudier les arts divinatoires.<\/p><p>Il va de soi que ceux-ci ne prendront pas de d\u00e9cision \u00e0 votre place, vous gardez \u00e9videmment votre discernement et votre libre-arbitre. Les r\u00e9ponses donn\u00e9es sont une aide, un soutien voire un potentiel de prise de conscience.<\/p><p>Ainsi, selon votre situation ou votre besoin, vous trouverez diff\u00e9rentes prestations sur ce site.<\/p><p>Bonne visite !<\/p>\t\t\t\t\t\t\t\t<\/div>\n\t\t\t\t<\/div>\n\t\t\t\t<\/div>\n\t\t<div class=\"elementor-element elementor-element-0d497db e-con-full e-flex e-con e-child\" data-id=\"0d497db\" data-element_type=\"container\" data-e-type=\"container\">\n\t\t\t\t<div class=\"elementor-element elementor-element-706d75e elementor-widget elementor-widget-image\" data-id=\"706d75e\" data-element_type=\"widget\" data-e-type=\"widget\" data-widget_type=\"image.default\">\n\t\t\t\t<div class=\"elementor-widget-container\">\n\t\t\t\t\t\t\t\t\t\t\t\t\t\t\t<img fetchpriority=\"high\" decoding=\"async\" width=\"768\" height=\"768\" src=\"https:\/\/sunandmoon.re\/wp-content\/uploads\/2024\/10\/sunandmoon-a-propos-maeva.png\" class=\"attachment-medium_large size-medium_large wp-image-421\" alt=\"\" srcset=\"https:\/\/sunandmoon.re\/wp-content\/uploads\/2024\/10\/sunandmoon-a-propos-maeva.png 768w, https:\/\/sunandmoon.re\/wp-content\/uploads\/2024\/10\/sunandmoon-a-propos-maeva-300x300.png 300w, https:\/\/sunandmoon.re\/wp-content\/uploads\/2024\/10\/sunandmoon-a-propos-maeva-150x150.png 150w, https:\/\/sunandmoon.re\/wp-content\/uploads\/2024\/10\/sunandmoon-a-propos-maeva-600x600.png 600w, https:\/\/sunandmoon.re\/wp-content\/uploads\/2024\/10\/sunandmoon-a-propos-maeva-100x100.png 100w\" sizes=\"(max-width: 768px) 100vw, 768px\" \/>\t\t\t\t\t\t\t\t\t\t\t\t\t\t\t<\/div>\n\t\t\t\t<\/div>\n\t\t\t\t<\/div>\n\t\t\t\t\t<\/div>\n\t\t\t\t<\/div>\n\t\t<div class=\"elementor-element elementor-element-019a1dd e-flex e-con-boxed e-con e-parent\" data-id=\"019a1dd\" data-element_type=\"container\" data-e-type=\"container\">\n\t\t\t\t\t<div class=\"e-con-inner\">\n\t\t\t\t\t<\/div>\n\t\t\t\t<\/div>\n\t\t\t\t<\/div>\n\t\t","protected":false},"excerpt":{"rendered":"<p>Bonjour, je m\u2019appelle Ma\u00ebva. J\u2019ai \u00e9t\u00e9 fortement attir\u00e9e par les arts divinatoires suite \u00e0 un \u00e9tat de sid\u00e9ration intense il y a de cela plusieurs ann\u00e9es. Dans cet espace \u201cvide\u201d, je n\u2019avais aucune direction, j\u2019\u00e9tais sans rep\u00e8re. C&rsquo;est \u00e0 ce moment-l\u00e0 que j\u2019ai ressenti comme un appel. Cela peut para\u00eetre tr\u00e8s clich\u00e9 mais pour autant [&hellip;]<\/p>\n","protected":false},"author":1,"featured_media":0,"parent":0,"menu_order":0,"comment_status":"closed","ping_status":"closed","template":"","meta":{"footnotes":""},"class_list":["post-46","page","type-page","status-publish","hentry"],"yoast_head":"<!-- This site is optimized with the Yoast SEO plugin v27.3 - https:\/\/yoast.com\/product\/yoast-seo-wordpress\/ -->\n<title>\u00c0 propos - Sun and Moon<\/title>\n<meta name=\"robots\" content=\"index, follow, max-snippet:-1, max-image-preview:large, max-video-preview:-1\" \/>\n<link rel=\"canonical\" href=\"https:\/\/sunandmoon.re\/index.php\/a-propos\/\" \/>\n<meta property=\"og:locale\" content=\"fr_FR\" \/>\n<meta property=\"og:type\" content=\"article\" \/>\n<meta property=\"og:title\" content=\"\u00c0 propos - Sun and Moon\" \/>\n<meta property=\"og:description\" content=\"Bonjour, je m\u2019appelle Ma\u00ebva. J\u2019ai \u00e9t\u00e9 fortement attir\u00e9e par les arts divinatoires suite \u00e0 un \u00e9tat de sid\u00e9ration intense il y a de cela plusieurs ann\u00e9es. Dans cet espace \u201cvide\u201d, je n\u2019avais aucune direction, j\u2019\u00e9tais sans rep\u00e8re. C&rsquo;est \u00e0 ce moment-l\u00e0 que j\u2019ai ressenti comme un appel. Cela peut para\u00eetre tr\u00e8s clich\u00e9 mais pour autant [&hellip;]\" \/>\n<meta property=\"og:url\" content=\"https:\/\/sunandmoon.re\/index.php\/a-propos\/\" \/>\n<meta property=\"og:site_name\" content=\"Sun and Moon\" \/>\n<meta property=\"article:modified_time\" content=\"2024-10-07T16:41:25+00:00\" \/>\n<meta property=\"og:image\" content=\"https:\/\/sunandmoon.re\/wp-content\/uploads\/2024\/10\/sunandmoon-a-propos-maeva.png\" \/>\n<meta name=\"twitter:card\" content=\"summary_large_image\" \/>\n<meta name=\"twitter:label1\" content=\"Dur\u00e9e de lecture estim\u00e9e\" \/>\n\t<meta name=\"twitter:data1\" content=\"1 minute\" \/>\n<script type=\"application\/ld+json\" class=\"yoast-schema-graph\">{\"@context\":\"https:\\\/\\\/schema.org\",\"@graph\":[{\"@type\":\"WebPage\",\"@id\":\"https:\\\/\\\/sunandmoon.re\\\/index.php\\\/a-propos\\\/\",\"url\":\"https:\\\/\\\/sunandmoon.re\\\/index.php\\\/a-propos\\\/\",\"name\":\"\u00c0 propos - Sun and Moon\",\"isPartOf\":{\"@id\":\"https:\\\/\\\/sunandmoon.re\\\/#website\"},\"primaryImageOfPage\":{\"@id\":\"https:\\\/\\\/sunandmoon.re\\\/index.php\\\/a-propos\\\/#primaryimage\"},\"image\":{\"@id\":\"https:\\\/\\\/sunandmoon.re\\\/index.php\\\/a-propos\\\/#primaryimage\"},\"thumbnailUrl\":\"https:\\\/\\\/sunandmoon.re\\\/wp-content\\\/uploads\\\/2024\\\/10\\\/sunandmoon-a-propos-maeva.png\",\"datePublished\":\"2023-07-18T16:43:25+00:00\",\"dateModified\":\"2024-10-07T16:41:25+00:00\",\"breadcrumb\":{\"@id\":\"https:\\\/\\\/sunandmoon.re\\\/index.php\\\/a-propos\\\/#breadcrumb\"},\"inLanguage\":\"fr-FR\",\"potentialAction\":[{\"@type\":\"ReadAction\",\"target\":[\"https:\\\/\\\/sunandmoon.re\\\/index.php\\\/a-propos\\\/\"]}]},{\"@type\":\"ImageObject\",\"inLanguage\":\"fr-FR\",\"@id\":\"https:\\\/\\\/sunandmoon.re\\\/index.php\\\/a-propos\\\/#primaryimage\",\"url\":\"https:\\\/\\\/sunandmoon.re\\\/wp-content\\\/uploads\\\/2024\\\/10\\\/sunandmoon-a-propos-maeva.png\",\"contentUrl\":\"https:\\\/\\\/sunandmoon.re\\\/wp-content\\\/uploads\\\/2024\\\/10\\\/sunandmoon-a-propos-maeva.png\",\"width\":768,\"height\":768},{\"@type\":\"BreadcrumbList\",\"@id\":\"https:\\\/\\\/sunandmoon.re\\\/index.php\\\/a-propos\\\/#breadcrumb\",\"itemListElement\":[{\"@type\":\"ListItem\",\"position\":1,\"name\":\"Accueil\",\"item\":\"https:\\\/\\\/sunandmoon.re\\\/\"},{\"@type\":\"ListItem\",\"position\":2,\"name\":\"\u00c0 propos\"}]},{\"@type\":\"WebSite\",\"@id\":\"https:\\\/\\\/sunandmoon.re\\\/#website\",\"url\":\"https:\\\/\\\/sunandmoon.re\\\/\",\"name\":\"Sun and Moon\",\"description\":\"Votre voyante \u00e0 La R\u00e9union\",\"publisher\":{\"@id\":\"https:\\\/\\\/sunandmoon.re\\\/#organization\"},\"potentialAction\":[{\"@type\":\"SearchAction\",\"target\":{\"@type\":\"EntryPoint\",\"urlTemplate\":\"https:\\\/\\\/sunandmoon.re\\\/?s={search_term_string}\"},\"query-input\":{\"@type\":\"PropertyValueSpecification\",\"valueRequired\":true,\"valueName\":\"search_term_string\"}}],\"inLanguage\":\"fr-FR\"},{\"@type\":\"Organization\",\"@id\":\"https:\\\/\\\/sunandmoon.re\\\/#organization\",\"name\":\"Sun and Moon\",\"url\":\"https:\\\/\\\/sunandmoon.re\\\/\",\"logo\":{\"@type\":\"ImageObject\",\"inLanguage\":\"fr-FR\",\"@id\":\"https:\\\/\\\/sunandmoon.re\\\/#\\\/schema\\\/logo\\\/image\\\/\",\"url\":\"https:\\\/\\\/sunandmoon.re\\\/wp-content\\\/uploads\\\/2023\\\/06\\\/cropped-8333545_transparent-1-1.png\",\"contentUrl\":\"https:\\\/\\\/sunandmoon.re\\\/wp-content\\\/uploads\\\/2023\\\/06\\\/cropped-8333545_transparent-1-1.png\",\"width\":1078,\"height\":1080,\"caption\":\"Sun and Moon\"},\"image\":{\"@id\":\"https:\\\/\\\/sunandmoon.re\\\/#\\\/schema\\\/logo\\\/image\\\/\"}}]}<\/script>\n<!-- \/ Yoast SEO plugin. -->","yoast_head_json":{"title":"\u00c0 propos - Sun and Moon","robots":{"index":"index","follow":"follow","max-snippet":"max-snippet:-1","max-image-preview":"max-image-preview:large","max-video-preview":"max-video-preview:-1"},"canonical":"https:\/\/sunandmoon.re\/index.php\/a-propos\/","og_locale":"fr_FR","og_type":"article","og_title":"\u00c0 propos - Sun and Moon","og_description":"Bonjour, je m\u2019appelle Ma\u00ebva. J\u2019ai \u00e9t\u00e9 fortement attir\u00e9e par les arts divinatoires suite \u00e0 un \u00e9tat de sid\u00e9ration intense il y a de cela plusieurs ann\u00e9es. Dans cet espace \u201cvide\u201d, je n\u2019avais aucune direction, j\u2019\u00e9tais sans rep\u00e8re. C&rsquo;est \u00e0 ce moment-l\u00e0 que j\u2019ai ressenti comme un appel. Cela peut para\u00eetre tr\u00e8s clich\u00e9 mais pour autant [&hellip;]","og_url":"https:\/\/sunandmoon.re\/index.php\/a-propos\/","og_site_name":"Sun and Moon","article_modified_time":"2024-10-07T16:41:25+00:00","og_image":[{"url":"https:\/\/sunandmoon.re\/wp-content\/uploads\/2024\/10\/sunandmoon-a-propos-maeva.png","type":"","width":"","height":""}],"twitter_card":"summary_large_image","twitter_misc":{"Dur\u00e9e de lecture estim\u00e9e":"1 minute"},"schema":{"@context":"https:\/\/schema.org","@graph":[{"@type":"WebPage","@id":"https:\/\/sunandmoon.re\/index.php\/a-propos\/","url":"https:\/\/sunandmoon.re\/index.php\/a-propos\/","name":"\u00c0 propos - Sun and Moon","isPartOf":{"@id":"https:\/\/sunandmoon.re\/#website"},"primaryImageOfPage":{"@id":"https:\/\/sunandmoon.re\/index.php\/a-propos\/#primaryimage"},"image":{"@id":"https:\/\/sunandmoon.re\/index.php\/a-propos\/#primaryimage"},"thumbnailUrl":"https:\/\/sunandmoon.re\/wp-content\/uploads\/2024\/10\/sunandmoon-a-propos-maeva.png","datePublished":"2023-07-18T16:43:25+00:00","dateModified":"2024-10-07T16:41:25+00:00","breadcrumb":{"@id":"https:\/\/sunandmoon.re\/index.php\/a-propos\/#breadcrumb"},"inLanguage":"fr-FR","potentialAction":[{"@type":"ReadAction","target":["https:\/\/sunandmoon.re\/index.php\/a-propos\/"]}]},{"@type":"ImageObject","inLanguage":"fr-FR","@id":"https:\/\/sunandmoon.re\/index.php\/a-propos\/#primaryimage","url":"https:\/\/sunandmoon.re\/wp-content\/uploads\/2024\/10\/sunandmoon-a-propos-maeva.png","contentUrl":"https:\/\/sunandmoon.re\/wp-content\/uploads\/2024\/10\/sunandmoon-a-propos-maeva.png","width":768,"height":768},{"@type":"BreadcrumbList","@id":"https:\/\/sunandmoon.re\/index.php\/a-propos\/#breadcrumb","itemListElement":[{"@type":"ListItem","position":1,"name":"Accueil","item":"https:\/\/sunandmoon.re\/"},{"@type":"ListItem","position":2,"name":"\u00c0 propos"}]},{"@type":"WebSite","@id":"https:\/\/sunandmoon.re\/#website","url":"https:\/\/sunandmoon.re\/","name":"Sun and Moon","description":"Votre voyante \u00e0 La R\u00e9union","publisher":{"@id":"https:\/\/sunandmoon.re\/#organization"},"potentialAction":[{"@type":"SearchAction","target":{"@type":"EntryPoint","urlTemplate":"https:\/\/sunandmoon.re\/?s={search_term_string}"},"query-input":{"@type":"PropertyValueSpecification","valueRequired":true,"valueName":"search_term_string"}}],"inLanguage":"fr-FR"},{"@type":"Organization","@id":"https:\/\/sunandmoon.re\/#organization","name":"Sun and Moon","url":"https:\/\/sunandmoon.re\/","logo":{"@type":"ImageObject","inLanguage":"fr-FR","@id":"https:\/\/sunandmoon.re\/#\/schema\/logo\/image\/","url":"https:\/\/sunandmoon.re\/wp-content\/uploads\/2023\/06\/cropped-8333545_transparent-1-1.png","contentUrl":"https:\/\/sunandmoon.re\/wp-content\/uploads\/2023\/06\/cropped-8333545_transparent-1-1.png","width":1078,"height":1080,"caption":"Sun and Moon"},"image":{"@id":"https:\/\/sunandmoon.re\/#\/schema\/logo\/image\/"}}]}},"_links":{"self":[{"href":"https:\/\/sunandmoon.re\/index.php\/wp-json\/wp\/v2\/pages\/46","targetHints":{"allow":["GET"]}}],"collection":[{"href":"https:\/\/sunandmoon.re\/index.php\/wp-json\/wp\/v2\/pages"}],"about":[{"href":"https:\/\/sunandmoon.re\/index.php\/wp-json\/wp\/v2\/types\/page"}],"author":[{"embeddable":true,"href":"https:\/\/sunandmoon.re\/index.php\/wp-json\/wp\/v2\/users\/1"}],"replies":[{"embeddable":true,"href":"https:\/\/sunandmoon.re\/index.php\/wp-json\/wp\/v2\/comments?post=46"}],"version-history":[{"count":30,"href":"https:\/\/sunandmoon.re\/index.php\/wp-json\/wp\/v2\/pages\/46\/revisions"}],"predecessor-version":[{"id":424,"href":"https:\/\/sunandmoon.re\/index.php\/wp-json\/wp\/v2\/pages\/46\/revisions\/424"}],"wp:attachment":[{"href":"https:\/\/sunandmoon.re\/index.php\/wp-json\/wp\/v2\/media?parent=46"}],"curies":[{"name":"wp","href":"https:\/\/api.w.org\/{rel}","templated":true}]}}