{"id":236,"date":"2023-11-06T19:23:54","date_gmt":"2023-11-06T18:23:54","guid":{"rendered":"https:\/\/sunandmoon.re\/?page_id=236"},"modified":"2024-09-23T20:02:20","modified_gmt":"2024-09-23T18:02:20","slug":"un-peu-dhistoire","status":"publish","type":"page","link":"https:\/\/sunandmoon.re\/index.php\/un-peu-dhistoire\/","title":{"rendered":"Un peu d&rsquo;histoire"},"content":{"rendered":"\t\t<div data-elementor-type=\"wp-page\" data-elementor-id=\"236\" class=\"elementor elementor-236\">\n\t\t\t\t<div class=\"elementor-element elementor-element-9d87257 e-flex e-con-boxed e-con e-parent\" data-id=\"9d87257\" data-element_type=\"container\" data-e-type=\"container\">\n\t\t\t\t\t<div class=\"e-con-inner\">\n\t\t\t\t<div class=\"elementor-element elementor-element-b277f75 elementor-widget elementor-widget-text-editor\" data-id=\"b277f75\" data-element_type=\"widget\" data-e-type=\"widget\" data-widget_type=\"text-editor.default\">\n\t\t\t\t<div class=\"elementor-widget-container\">\n\t\t\t\t\t\t\t\t\t<h2>Depuis quand les cartes existent-elles ? Qui les a cr\u00e9\u00e9es ?\u00a0<\/h2><p>Plusieurs historiens ont situ\u00e9 la cr\u00e9ation des cartes \u00e0 jouer au 7 \u00e8me si\u00e8cle du calendrier occidental. Les plus anciennes r\u00e9f\u00e9rences \u00e0 ces jeux remontent en effet \u00e0 la Dynastie Tang. Les cartes ont ensuite p\u00e9n\u00e9tr\u00e9 le Proche-Orient avant d&rsquo;arriver en Europe par l&rsquo;Italie.<\/p><p>Saviez-vous \u00e9galement que la forme des cartes pouvait fortement diff\u00e9rer d&rsquo;un pays \u00e0 l&rsquo;autre ? Les premi\u00e8res cartes chinoises ressemblaient par exemple \u00e0 des dominos en papier, alors que les cartes Indiennes, elles, \u00e9taient carr\u00e9ment rondes et peintes \u00e0 la main ? \u00catiez-vous sinon au courant que les premi\u00e8res cartes Japonaises \u00e9taient recouvertes de motifs floraux et parfois de po\u00e8mes ? De nos jours, seules quelques usines en Europe continuent de produire toutes les cartes \u00e0 jouer, et ce bien s\u00fbr, de mani\u00e8re totalement automatis\u00e9e.<\/p><h2>Et le Tarot dans tout \u00e7a ?\u00a0<\/h2><div>Le Tarot tel qu&rsquo;on le conna\u00eet aujourd&rsquo;hui, compos\u00e9 de soixtante-dix-huit cartes dont vingt-et-un atouts, est n\u00e9 en Italie du Nord pendant le 15 \u00e8me si\u00e8cle. Il \u00e9tait \u00e0 l&rsquo;\u00e9poque appel\u00e9 \u00ab\u00a0Carte da Trionfi\u00a0\u00bb.\u00a0 Il est arriv\u00e9 en France et en Allemagne le si\u00e8cle suivant.\u00a0<\/div><p>Sa version \u00ab\u00a0\u00e9sot\u00e9rique\u00a0\u00bb n&rsquo;a vu le jour en France qu&rsquo;\u00e0 la fin du 18 \u00e8me si\u00e8cle, suite \u00e0 la publication du 8 \u00e8me volume du livre \u00ab\u00a0Le Monde primitif\u00a0\u00bb \u00e9crit par Antoine Court de G\u00e9belin. Dans cet ouvrage, il interpr\u00e9tait \u00e0 sa mani\u00e8re le Livre de Thot, d&rsquo;origine \u00e9gyptienne.\u00a0<\/p><p>Un demi si\u00e8cle plus tard, le cartomancien Jean-Baptiste Alliette (plus connu sous l&rsquo;anagramme \u00ab\u00a0Etteilla\u00a0\u00bb), occultiste fran\u00e7ais et\u00a0 inventeur du mot \u00ab\u00a0cartonomancie\u00a0\u00bb, continue de v\u00e9hiculer ces diff\u00e9rentes th\u00e9ories et fera du Tarot un instrument de divination.\u00a0<\/p><p>Queles ann\u00e9es apr\u00e8s, et d\u00e9sormais au 19\u00e8me si\u00e8cle, des hommes comme Paul Christian, Alphone-Louis Constant (Eliphas L\u00e9vi), et le m\u00e9decin occultiste G\u00e9rard Anaclet Vinvent Encausse (aussi connu sous le nom de Papus) continuent de perp\u00e9tuer ce courant philosophique \u00e9sot\u00e9rique initiatique. Mais ce n&rsquo;est que gr\u00e2ce \u00e0 la figure publique \u00ab\u00a0Melle Le Normand\u00a0\u00bb que le Tarot tel qu&rsquo;on le conna\u00eet aujourd&rsquo;hui a v\u00e9ritablement perc\u00e9, et que Paris fut un temps la capitale Europ\u00e9enne de la Voyance.<\/p>\t\t\t\t\t\t\t\t<\/div>\n\t\t\t\t<\/div>\n\t\t\t\t\t<\/div>\n\t\t\t\t<\/div>\n\t\t\t\t<\/div>\n\t\t","protected":false},"excerpt":{"rendered":"<p>Depuis quand les cartes existent-elles ? Qui les a cr\u00e9\u00e9es ?\u00a0 Plusieurs historiens ont situ\u00e9 la cr\u00e9ation des cartes \u00e0 jouer au 7 \u00e8me si\u00e8cle du calendrier occidental. Les plus anciennes r\u00e9f\u00e9rences \u00e0 ces jeux remontent en effet \u00e0 la Dynastie Tang. Les cartes ont ensuite p\u00e9n\u00e9tr\u00e9 le Proche-Orient avant d&rsquo;arriver en Europe par l&rsquo;Italie. [&hellip;]<\/p>\n","protected":false},"author":1,"featured_media":0,"parent":0,"menu_order":0,"comment_status":"closed","ping_status":"closed","template":"","meta":{"footnotes":""},"class_list":["post-236","page","type-page","status-publish","hentry"],"yoast_head":"<!-- This site is optimized with the Yoast SEO plugin v27.3 - https:\/\/yoast.com\/product\/yoast-seo-wordpress\/ -->\n<title>Un peu d&#039;histoire - Sun and Moon<\/title>\n<meta name=\"robots\" content=\"index, follow, max-snippet:-1, max-image-preview:large, max-video-preview:-1\" \/>\n<link rel=\"canonical\" href=\"https:\/\/sunandmoon.re\/index.php\/un-peu-dhistoire\/\" \/>\n<meta property=\"og:locale\" content=\"fr_FR\" \/>\n<meta property=\"og:type\" content=\"article\" \/>\n<meta property=\"og:title\" content=\"Un peu d&#039;histoire - Sun and Moon\" \/>\n<meta property=\"og:description\" content=\"Depuis quand les cartes existent-elles ? Qui les a cr\u00e9\u00e9es ?\u00a0 Plusieurs historiens ont situ\u00e9 la cr\u00e9ation des cartes \u00e0 jouer au 7 \u00e8me si\u00e8cle du calendrier occidental. Les plus anciennes r\u00e9f\u00e9rences \u00e0 ces jeux remontent en effet \u00e0 la Dynastie Tang. Les cartes ont ensuite p\u00e9n\u00e9tr\u00e9 le Proche-Orient avant d&rsquo;arriver en Europe par l&rsquo;Italie. [&hellip;]\" \/>\n<meta property=\"og:url\" content=\"https:\/\/sunandmoon.re\/index.php\/un-peu-dhistoire\/\" \/>\n<meta property=\"og:site_name\" content=\"Sun and Moon\" \/>\n<meta property=\"article:modified_time\" content=\"2024-09-23T18:02:20+00:00\" \/>\n<meta name=\"twitter:card\" content=\"summary_large_image\" \/>\n<meta name=\"twitter:label1\" content=\"Dur\u00e9e de lecture estim\u00e9e\" \/>\n\t<meta name=\"twitter:data1\" content=\"2 minutes\" \/>\n<script type=\"application\/ld+json\" class=\"yoast-schema-graph\">{\"@context\":\"https:\\\/\\\/schema.org\",\"@graph\":[{\"@type\":\"WebPage\",\"@id\":\"https:\\\/\\\/sunandmoon.re\\\/index.php\\\/un-peu-dhistoire\\\/\",\"url\":\"https:\\\/\\\/sunandmoon.re\\\/index.php\\\/un-peu-dhistoire\\\/\",\"name\":\"Un peu d'histoire - Sun and Moon\",\"isPartOf\":{\"@id\":\"https:\\\/\\\/sunandmoon.re\\\/#website\"},\"datePublished\":\"2023-11-06T18:23:54+00:00\",\"dateModified\":\"2024-09-23T18:02:20+00:00\",\"breadcrumb\":{\"@id\":\"https:\\\/\\\/sunandmoon.re\\\/index.php\\\/un-peu-dhistoire\\\/#breadcrumb\"},\"inLanguage\":\"fr-FR\",\"potentialAction\":[{\"@type\":\"ReadAction\",\"target\":[\"https:\\\/\\\/sunandmoon.re\\\/index.php\\\/un-peu-dhistoire\\\/\"]}]},{\"@type\":\"BreadcrumbList\",\"@id\":\"https:\\\/\\\/sunandmoon.re\\\/index.php\\\/un-peu-dhistoire\\\/#breadcrumb\",\"itemListElement\":[{\"@type\":\"ListItem\",\"position\":1,\"name\":\"Accueil\",\"item\":\"https:\\\/\\\/sunandmoon.re\\\/\"},{\"@type\":\"ListItem\",\"position\":2,\"name\":\"Un peu d&#8217;histoire\"}]},{\"@type\":\"WebSite\",\"@id\":\"https:\\\/\\\/sunandmoon.re\\\/#website\",\"url\":\"https:\\\/\\\/sunandmoon.re\\\/\",\"name\":\"Sun and Moon\",\"description\":\"Votre voyante \u00e0 La R\u00e9union\",\"publisher\":{\"@id\":\"https:\\\/\\\/sunandmoon.re\\\/#organization\"},\"potentialAction\":[{\"@type\":\"SearchAction\",\"target\":{\"@type\":\"EntryPoint\",\"urlTemplate\":\"https:\\\/\\\/sunandmoon.re\\\/?s={search_term_string}\"},\"query-input\":{\"@type\":\"PropertyValueSpecification\",\"valueRequired\":true,\"valueName\":\"search_term_string\"}}],\"inLanguage\":\"fr-FR\"},{\"@type\":\"Organization\",\"@id\":\"https:\\\/\\\/sunandmoon.re\\\/#organization\",\"name\":\"Sun and Moon\",\"url\":\"https:\\\/\\\/sunandmoon.re\\\/\",\"logo\":{\"@type\":\"ImageObject\",\"inLanguage\":\"fr-FR\",\"@id\":\"https:\\\/\\\/sunandmoon.re\\\/#\\\/schema\\\/logo\\\/image\\\/\",\"url\":\"https:\\\/\\\/sunandmoon.re\\\/wp-content\\\/uploads\\\/2023\\\/06\\\/cropped-8333545_transparent-1-1.png\",\"contentUrl\":\"https:\\\/\\\/sunandmoon.re\\\/wp-content\\\/uploads\\\/2023\\\/06\\\/cropped-8333545_transparent-1-1.png\",\"width\":1078,\"height\":1080,\"caption\":\"Sun and Moon\"},\"image\":{\"@id\":\"https:\\\/\\\/sunandmoon.re\\\/#\\\/schema\\\/logo\\\/image\\\/\"}}]}<\/script>\n<!-- \/ Yoast SEO plugin. -->","yoast_head_json":{"title":"Un peu d'histoire - Sun and Moon","robots":{"index":"index","follow":"follow","max-snippet":"max-snippet:-1","max-image-preview":"max-image-preview:large","max-video-preview":"max-video-preview:-1"},"canonical":"https:\/\/sunandmoon.re\/index.php\/un-peu-dhistoire\/","og_locale":"fr_FR","og_type":"article","og_title":"Un peu d'histoire - Sun and Moon","og_description":"Depuis quand les cartes existent-elles ? Qui les a cr\u00e9\u00e9es ?\u00a0 Plusieurs historiens ont situ\u00e9 la cr\u00e9ation des cartes \u00e0 jouer au 7 \u00e8me si\u00e8cle du calendrier occidental. Les plus anciennes r\u00e9f\u00e9rences \u00e0 ces jeux remontent en effet \u00e0 la Dynastie Tang. Les cartes ont ensuite p\u00e9n\u00e9tr\u00e9 le Proche-Orient avant d&rsquo;arriver en Europe par l&rsquo;Italie. [&hellip;]","og_url":"https:\/\/sunandmoon.re\/index.php\/un-peu-dhistoire\/","og_site_name":"Sun and Moon","article_modified_time":"2024-09-23T18:02:20+00:00","twitter_card":"summary_large_image","twitter_misc":{"Dur\u00e9e de lecture estim\u00e9e":"2 minutes"},"schema":{"@context":"https:\/\/schema.org","@graph":[{"@type":"WebPage","@id":"https:\/\/sunandmoon.re\/index.php\/un-peu-dhistoire\/","url":"https:\/\/sunandmoon.re\/index.php\/un-peu-dhistoire\/","name":"Un peu d'histoire - Sun and Moon","isPartOf":{"@id":"https:\/\/sunandmoon.re\/#website"},"datePublished":"2023-11-06T18:23:54+00:00","dateModified":"2024-09-23T18:02:20+00:00","breadcrumb":{"@id":"https:\/\/sunandmoon.re\/index.php\/un-peu-dhistoire\/#breadcrumb"},"inLanguage":"fr-FR","potentialAction":[{"@type":"ReadAction","target":["https:\/\/sunandmoon.re\/index.php\/un-peu-dhistoire\/"]}]},{"@type":"BreadcrumbList","@id":"https:\/\/sunandmoon.re\/index.php\/un-peu-dhistoire\/#breadcrumb","itemListElement":[{"@type":"ListItem","position":1,"name":"Accueil","item":"https:\/\/sunandmoon.re\/"},{"@type":"ListItem","position":2,"name":"Un peu d&#8217;histoire"}]},{"@type":"WebSite","@id":"https:\/\/sunandmoon.re\/#website","url":"https:\/\/sunandmoon.re\/","name":"Sun and Moon","description":"Votre voyante \u00e0 La R\u00e9union","publisher":{"@id":"https:\/\/sunandmoon.re\/#organization"},"potentialAction":[{"@type":"SearchAction","target":{"@type":"EntryPoint","urlTemplate":"https:\/\/sunandmoon.re\/?s={search_term_string}"},"query-input":{"@type":"PropertyValueSpecification","valueRequired":true,"valueName":"search_term_string"}}],"inLanguage":"fr-FR"},{"@type":"Organization","@id":"https:\/\/sunandmoon.re\/#organization","name":"Sun and Moon","url":"https:\/\/sunandmoon.re\/","logo":{"@type":"ImageObject","inLanguage":"fr-FR","@id":"https:\/\/sunandmoon.re\/#\/schema\/logo\/image\/","url":"https:\/\/sunandmoon.re\/wp-content\/uploads\/2023\/06\/cropped-8333545_transparent-1-1.png","contentUrl":"https:\/\/sunandmoon.re\/wp-content\/uploads\/2023\/06\/cropped-8333545_transparent-1-1.png","width":1078,"height":1080,"caption":"Sun and Moon"},"image":{"@id":"https:\/\/sunandmoon.re\/#\/schema\/logo\/image\/"}}]}},"_links":{"self":[{"href":"https:\/\/sunandmoon.re\/index.php\/wp-json\/wp\/v2\/pages\/236","targetHints":{"allow":["GET"]}}],"collection":[{"href":"https:\/\/sunandmoon.re\/index.php\/wp-json\/wp\/v2\/pages"}],"about":[{"href":"https:\/\/sunandmoon.re\/index.php\/wp-json\/wp\/v2\/types\/page"}],"author":[{"embeddable":true,"href":"https:\/\/sunandmoon.re\/index.php\/wp-json\/wp\/v2\/users\/1"}],"replies":[{"embeddable":true,"href":"https:\/\/sunandmoon.re\/index.php\/wp-json\/wp\/v2\/comments?post=236"}],"version-history":[{"count":37,"href":"https:\/\/sunandmoon.re\/index.php\/wp-json\/wp\/v2\/pages\/236\/revisions"}],"predecessor-version":[{"id":406,"href":"https:\/\/sunandmoon.re\/index.php\/wp-json\/wp\/v2\/pages\/236\/revisions\/406"}],"wp:attachment":[{"href":"https:\/\/sunandmoon.re\/index.php\/wp-json\/wp\/v2\/media?parent=236"}],"curies":[{"name":"wp","href":"https:\/\/api.w.org\/{rel}","templated":true}]}}