{"id":177,"date":"2023-10-27T20:43:10","date_gmt":"2023-10-27T18:43:10","guid":{"rendered":"https:\/\/sunandmoon.re\/?page_id=177"},"modified":"2024-10-07T19:03:46","modified_gmt":"2024-10-07T17:03:46","slug":"homepage","status":"publish","type":"page","link":"https:\/\/sunandmoon.re\/","title":{"rendered":"Homepage"},"content":{"rendered":"\t\t<div data-elementor-type=\"wp-page\" data-elementor-id=\"177\" class=\"elementor elementor-177\">\n\t\t\t\t<div class=\"elementor-element elementor-element-449288a e-flex e-con-boxed e-con e-parent\" data-id=\"449288a\" data-element_type=\"container\" data-e-type=\"container\">\n\t\t\t\t\t<div class=\"e-con-inner\">\n\t\t<div class=\"elementor-element elementor-element-97adaf0 e-con-full e-flex e-con e-child\" data-id=\"97adaf0\" data-element_type=\"container\" data-e-type=\"container\">\n\t\t\t\t<div class=\"elementor-element elementor-element-b0fd75d elementor-widget elementor-widget-text-editor\" data-id=\"b0fd75d\" data-element_type=\"widget\" data-e-type=\"widget\" data-widget_type=\"text-editor.default\">\n\t\t\t\t<div class=\"elementor-widget-container\">\n\t\t\t\t\t\t\t\t\t<h2>Vous voulez en savoir plus sur votre avenir ?<\/h2>\t\t\t\t\t\t\t\t<\/div>\n\t\t\t\t<\/div>\n\t\t\t\t<div class=\"elementor-element elementor-element-359c423 elementor-widget elementor-widget-text-editor\" data-id=\"359c423\" data-element_type=\"widget\" data-e-type=\"widget\" data-widget_type=\"text-editor.default\">\n\t\t\t\t<div class=\"elementor-widget-container\">\n\t\t\t\t\t\t\t\t\t<p>Il est peut-\u00eatre temps de prendre son futur en main \u00e0 l&rsquo;aide des informations qui auront le pouvoir de vous faire avancer dans la bonne direction.\u00a0<\/p><p>Une question ? Un doute ? Je suis l\u00e0 pour vous aider, alors n&rsquo;h\u00e9sitez pas \u00e0 me contacter.\u00a0<\/p>\t\t\t\t\t\t\t\t<\/div>\n\t\t\t\t<\/div>\n\t\t\t\t<\/div>\n\t\t<div class=\"elementor-element elementor-element-0d497db e-con-full e-flex e-con e-child\" data-id=\"0d497db\" data-element_type=\"container\" data-e-type=\"container\">\n\t\t\t\t<div class=\"elementor-element elementor-element-706d75e elementor-widget elementor-widget-image\" data-id=\"706d75e\" data-element_type=\"widget\" data-e-type=\"widget\" data-widget_type=\"image.default\">\n\t\t\t\t<div class=\"elementor-widget-container\">\n\t\t\t\t\t\t\t\t\t\t\t\t\t\t\t<img decoding=\"async\" src=\"https:\/\/sunandmoon.re\/wp-content\/uploads\/elementor\/thumbs\/astrology-circle-orance-dots-qecwon0ckhzjmoqrwetji3ge3vxxpc5kpy5pqp948o.png\" title=\"astrology-circle-orance-dots\" alt=\"astrology-circle-orance-dots\" loading=\"lazy\" \/>\t\t\t\t\t\t\t\t\t\t\t\t\t\t\t<\/div>\n\t\t\t\t<\/div>\n\t\t\t\t<\/div>\n\t\t\t\t\t<\/div>\n\t\t\t\t<\/div>\n\t\t<div class=\"elementor-element elementor-element-a165cac e-con-full e-flex e-con e-parent\" data-id=\"a165cac\" data-element_type=\"container\" data-e-type=\"container\">\n\t\t<div class=\"elementor-element elementor-element-fce6017 e-con-full e-flex e-con e-child\" data-id=\"fce6017\" data-element_type=\"container\" data-e-type=\"container\">\n\t\t\t\t<div class=\"elementor-element elementor-element-5584b13 elementor-widget elementor-widget-spacer\" data-id=\"5584b13\" data-element_type=\"widget\" data-e-type=\"widget\" data-widget_type=\"spacer.default\">\n\t\t\t\t<div class=\"elementor-widget-container\">\n\t\t\t\t\t\t\t<div class=\"elementor-spacer\">\n\t\t\t<div class=\"elementor-spacer-inner\"><\/div>\n\t\t<\/div>\n\t\t\t\t\t\t<\/div>\n\t\t\t\t<\/div>\n\t\t\t\t<\/div>\n\t\t\t\t<\/div>\n\t\t<section class=\"elementor-element elementor-element-b5e9d40 e-flex e-con-boxed e-con e-parent\" data-id=\"b5e9d40\" data-element_type=\"container\" data-e-type=\"container\" data-settings=\"{&quot;background_background&quot;:&quot;classic&quot;,&quot;animation&quot;:&quot;none&quot;}\">\n\t\t\t\t\t<div class=\"e-con-inner\">\n\t\t<div class=\"elementor-element elementor-element-639a915 e-con-full e-flex e-con e-child\" data-id=\"639a915\" data-element_type=\"container\" data-e-type=\"container\">\n\t\t\t\t<div class=\"elementor-element elementor-element-28ed4c5 elementor-widget elementor-widget-text-editor\" data-id=\"28ed4c5\" data-element_type=\"widget\" data-e-type=\"widget\" data-widget_type=\"text-editor.default\">\n\t\t\t\t<div class=\"elementor-widget-container\">\n\t\t\t\t\t\t\t\t\t<h2>Mes services<\/h2>\t\t\t\t\t\t\t\t<\/div>\n\t\t\t\t<\/div>\n\t\t\t\t<\/div>\n\t\t<a class=\"eael-wrapper-link-c900dce --eael-wrapper-link-tag\" href=\"https:\/\/sunandmoon.re\/index.php\/produit\/le-pendule\/\"><\/a><div data-eael-wrapper-link=\"eael-wrapper-link-c900dce\" class=\"elementor-element elementor-element-c900dce e-con-full e-flex e-con e-child\" data-id=\"c900dce\" data-element_type=\"container\" data-e-type=\"container\" data-settings=\"{&quot;background_background&quot;:&quot;classic&quot;}\">\n\t\t\t\t<div class=\"elementor-element elementor-element-6e13406 elementor-widget elementor-widget-image\" data-id=\"6e13406\" data-element_type=\"widget\" data-e-type=\"widget\" data-widget_type=\"image.default\">\n\t\t\t\t<div class=\"elementor-widget-container\">\n\t\t\t\t\t\t\t\t\t\t\t\t\t\t\t<img decoding=\"async\" width=\"132\" height=\"132\" src=\"https:\/\/sunandmoon.re\/wp-content\/uploads\/2023\/10\/service_3.png\" class=\"attachment-thumbnail size-thumbnail wp-image-170\" alt=\"\" \/>\t\t\t\t\t\t\t\t\t\t\t\t\t\t\t<\/div>\n\t\t\t\t<\/div>\n\t\t\t\t<div class=\"elementor-element elementor-element-27ef063 elementor-widget elementor-widget-text-editor\" data-id=\"27ef063\" data-element_type=\"widget\" data-e-type=\"widget\" data-widget_type=\"text-editor.default\">\n\t\t\t\t<div class=\"elementor-widget-container\">\n\t\t\t\t\t\t\t\t\t<h5>Une question au pendule Oui \/ Non<\/h5>\t\t\t\t\t\t\t\t<\/div>\n\t\t\t\t<\/div>\n\t\t\t\t<div class=\"elementor-element elementor-element-2d2c9aa elementor-widget elementor-widget-text-editor\" data-id=\"2d2c9aa\" data-element_type=\"widget\" data-e-type=\"widget\" data-widget_type=\"text-editor.default\">\n\t\t\t\t<div class=\"elementor-widget-container\">\n\t\t\t\t\t\t\t\t\t<p>Obtenez rapidement la r\u00e9ponse que vous attendez gr\u00e2ce \u00e0 cette technique ancestrale de divination. <span style=\"text-decoration: underline;\"><a href=\"http:\/\/question-pendule-oui-non\" data-wplink-url-error=\"true\">En savoir plus<\/a><\/span><\/p>\t\t\t\t\t\t\t\t<\/div>\n\t\t\t\t<\/div>\n\t\t\t\t<\/div>\n\t\t<a class=\"eael-wrapper-link-1f8927b --eael-wrapper-link-tag\" href=\"https:\/\/sunandmoon.re\/index.php\/produit\/le-pendule\/\"><\/a><div data-eael-wrapper-link=\"eael-wrapper-link-1f8927b\" class=\"elementor-element elementor-element-1f8927b e-con-full e-flex e-con e-child\" data-id=\"1f8927b\" data-element_type=\"container\" data-e-type=\"container\" data-settings=\"{&quot;background_background&quot;:&quot;classic&quot;}\">\n\t\t\t\t<div class=\"elementor-element elementor-element-cf449ab elementor-widget elementor-widget-image\" data-id=\"cf449ab\" data-element_type=\"widget\" data-e-type=\"widget\" data-widget_type=\"image.default\">\n\t\t\t\t<div class=\"elementor-widget-container\">\n\t\t\t\t\t\t\t\t\t\t\t\t\t\t\t<img decoding=\"async\" width=\"132\" height=\"132\" src=\"https:\/\/sunandmoon.re\/wp-content\/uploads\/2023\/10\/service_1.png\" class=\"attachment-thumbnail size-thumbnail wp-image-168\" alt=\"\" \/>\t\t\t\t\t\t\t\t\t\t\t\t\t\t\t<\/div>\n\t\t\t\t<\/div>\n\t\t\t\t<div class=\"elementor-element elementor-element-049d39b elementor-widget elementor-widget-text-editor\" data-id=\"049d39b\" data-element_type=\"widget\" data-e-type=\"widget\" data-widget_type=\"text-editor.default\">\n\t\t\t\t<div class=\"elementor-widget-container\">\n\t\t\t\t\t\t\t\t\t<h5>Une question sur Un Domaine<\/h5>\t\t\t\t\t\t\t\t<\/div>\n\t\t\t\t<\/div>\n\t\t\t\t<div class=\"elementor-element elementor-element-ba92dd2 elementor-widget elementor-widget-text-editor\" data-id=\"ba92dd2\" data-element_type=\"widget\" data-e-type=\"widget\" data-widget_type=\"text-editor.default\">\n\t\t\t\t<div class=\"elementor-widget-container\">\n\t\t\t\t\t\t\t\t\t<p>Les cartes peuvent r\u00e9pondre Oui ou non \u00e0 votre question. La question sur un domaine est une question plus ouverte. <span style=\"text-decoration: underline;\"><a style=\"font-family: 'DM Sans', -apple-system, BlinkMacSystemFont, 'Segoe UI', Roboto, 'Helvetica Neue', Arial, 'Noto Sans', sans-serif, 'Apple Color Emoji', 'Segoe UI Emoji', 'Segoe UI Symbol', 'Noto Color Emoji'; font-size: 1rem;\" href=\"https:\/\/sunandmoon.re\/index.php\/produit\/question-au-pendule-un-domaine\/\">En savoir plus<\/a><\/span><\/p>\t\t\t\t\t\t\t\t<\/div>\n\t\t\t\t<\/div>\n\t\t\t\t<\/div>\n\t\t<div class=\"elementor-element elementor-element-96e0ad4 e-con-full e-flex e-con e-child\" data-id=\"96e0ad4\" data-element_type=\"container\" data-e-type=\"container\">\n\t\t\t\t<div class=\"elementor-element elementor-element-e948cab elementor-widget elementor-widget-image\" data-id=\"e948cab\" data-element_type=\"widget\" data-e-type=\"widget\" data-widget_type=\"image.default\">\n\t\t\t\t<div class=\"elementor-widget-container\">\n\t\t\t\t\t\t\t\t\t\t\t\t\t\t\t<img decoding=\"async\" width=\"132\" height=\"132\" src=\"https:\/\/sunandmoon.re\/wp-content\/uploads\/2023\/10\/consultation.png\" class=\"attachment-large size-large wp-image-172\" alt=\"\" \/>\t\t\t\t\t\t\t\t\t\t\t\t\t\t\t<\/div>\n\t\t\t\t<\/div>\n\t\t\t\t<div class=\"elementor-element elementor-element-92f7c5a elementor-widget elementor-widget-text-editor\" data-id=\"92f7c5a\" data-element_type=\"widget\" data-e-type=\"widget\" data-widget_type=\"text-editor.default\">\n\t\t\t\t<div class=\"elementor-widget-container\">\n\t\t\t\t\t\t\t\t\t<h4>Consultation priv\u00e9e d&rsquo;1h30<\/h4>\t\t\t\t\t\t\t\t<\/div>\n\t\t\t\t<\/div>\n\t\t\t\t<div class=\"elementor-element elementor-element-b544e7e elementor-widget elementor-widget-text-editor\" data-id=\"b544e7e\" data-element_type=\"widget\" data-e-type=\"widget\" data-widget_type=\"text-editor.default\">\n\t\t\t\t<div class=\"elementor-widget-container\">\n\t\t\t\t\t\t\t\t\t<p>Vous pr\u00e9f\u00e9rez r\u00e9server un cr\u00e9neau d&rsquo;une heure pour poser plusieurs questions et discuter avec moi ?\u00a0 (Bient\u00f4t disponible)<\/p>\t\t\t\t\t\t\t\t<\/div>\n\t\t\t\t<\/div>\n\t\t\t\t<\/div>\n\t\t\t\t\t<\/div>\n\t\t\t\t<\/section>\n\t\t<div class=\"elementor-element elementor-element-d8fcf11 e-flex e-con-boxed e-con e-parent\" data-id=\"d8fcf11\" data-element_type=\"container\" data-e-type=\"container\">\n\t\t\t\t\t<div class=\"e-con-inner\">\n\t\t\t\t<div class=\"elementor-element elementor-element-6678513 elementor-widget elementor-widget-spacer\" data-id=\"6678513\" data-element_type=\"widget\" data-e-type=\"widget\" data-widget_type=\"spacer.default\">\n\t\t\t\t<div class=\"elementor-widget-container\">\n\t\t\t\t\t\t\t<div class=\"elementor-spacer\">\n\t\t\t<div class=\"elementor-spacer-inner\"><\/div>\n\t\t<\/div>\n\t\t\t\t\t\t<\/div>\n\t\t\t\t<\/div>\n\t\t\t\t\t<\/div>\n\t\t\t\t<\/div>\n\t\t\t\t<\/div>\n\t\t","protected":false},"excerpt":{"rendered":"<p>Vous voulez en savoir plus sur votre avenir ? Il est peut-\u00eatre temps de prendre son futur en main \u00e0 l&rsquo;aide des informations qui auront le pouvoir de vous faire avancer dans la bonne direction.\u00a0 Une question ? Un doute ? Je suis l\u00e0 pour vous aider, alors n&rsquo;h\u00e9sitez pas \u00e0 me contacter.\u00a0 Mes services [&hellip;]<\/p>\n","protected":false},"author":1,"featured_media":0,"parent":0,"menu_order":0,"comment_status":"closed","ping_status":"closed","template":"elementor_header_footer","meta":{"footnotes":""},"class_list":["post-177","page","type-page","status-publish","hentry"],"yoast_head":"<!-- This site is optimized with the Yoast SEO plugin v27.3 - https:\/\/yoast.com\/product\/yoast-seo-wordpress\/ -->\n<title>Homepage - Sun and Moon<\/title>\n<meta name=\"robots\" content=\"index, follow, max-snippet:-1, max-image-preview:large, max-video-preview:-1\" \/>\n<link rel=\"canonical\" href=\"https:\/\/sunandmoon.re\/\" \/>\n<meta property=\"og:locale\" content=\"fr_FR\" \/>\n<meta property=\"og:type\" content=\"article\" \/>\n<meta property=\"og:title\" content=\"Homepage - Sun and Moon\" \/>\n<meta property=\"og:description\" content=\"Vous voulez en savoir plus sur votre avenir ? Il est peut-\u00eatre temps de prendre son futur en main \u00e0 l&rsquo;aide des informations qui auront le pouvoir de vous faire avancer dans la bonne direction.\u00a0 Une question ? Un doute ? Je suis l\u00e0 pour vous aider, alors n&rsquo;h\u00e9sitez pas \u00e0 me contacter.\u00a0 Mes services [&hellip;]\" \/>\n<meta property=\"og:url\" content=\"https:\/\/sunandmoon.re\/\" \/>\n<meta property=\"og:site_name\" content=\"Sun and Moon\" \/>\n<meta property=\"article:modified_time\" content=\"2024-10-07T17:03:46+00:00\" \/>\n<meta property=\"og:image\" content=\"https:\/\/sunandmoon.re\/wp-content\/uploads\/elementor\/thumbs\/astrology-circle-orance-dots-qecwon0ckhzjmoqrwetji3ge3vxxpc5kpy5pqp948o.png\" \/>\n<meta name=\"twitter:card\" content=\"summary_large_image\" \/>\n<meta name=\"twitter:label1\" content=\"Dur\u00e9e de lecture estim\u00e9e\" \/>\n\t<meta name=\"twitter:data1\" content=\"2 minutes\" \/>\n<script type=\"application\/ld+json\" class=\"yoast-schema-graph\">{\"@context\":\"https:\\\/\\\/schema.org\",\"@graph\":[{\"@type\":\"WebPage\",\"@id\":\"https:\\\/\\\/sunandmoon.re\\\/\",\"url\":\"https:\\\/\\\/sunandmoon.re\\\/\",\"name\":\"Homepage - Sun and Moon\",\"isPartOf\":{\"@id\":\"https:\\\/\\\/sunandmoon.re\\\/#website\"},\"primaryImageOfPage\":{\"@id\":\"https:\\\/\\\/sunandmoon.re\\\/#primaryimage\"},\"image\":{\"@id\":\"https:\\\/\\\/sunandmoon.re\\\/#primaryimage\"},\"thumbnailUrl\":\"https:\\\/\\\/sunandmoon.re\\\/wp-content\\\/uploads\\\/elementor\\\/thumbs\\\/astrology-circle-orance-dots-qecwon0ckhzjmoqrwetji3ge3vxxpc5kpy5pqp948o.png\",\"datePublished\":\"2023-10-27T18:43:10+00:00\",\"dateModified\":\"2024-10-07T17:03:46+00:00\",\"breadcrumb\":{\"@id\":\"https:\\\/\\\/sunandmoon.re\\\/#breadcrumb\"},\"inLanguage\":\"fr-FR\",\"potentialAction\":[{\"@type\":\"ReadAction\",\"target\":[\"https:\\\/\\\/sunandmoon.re\\\/\"]}]},{\"@type\":\"ImageObject\",\"inLanguage\":\"fr-FR\",\"@id\":\"https:\\\/\\\/sunandmoon.re\\\/#primaryimage\",\"url\":\"https:\\\/\\\/sunandmoon.re\\\/wp-content\\\/uploads\\\/elementor\\\/thumbs\\\/astrology-circle-orance-dots-qecwon0ckhzjmoqrwetji3ge3vxxpc5kpy5pqp948o.png\",\"contentUrl\":\"https:\\\/\\\/sunandmoon.re\\\/wp-content\\\/uploads\\\/elementor\\\/thumbs\\\/astrology-circle-orance-dots-qecwon0ckhzjmoqrwetji3ge3vxxpc5kpy5pqp948o.png\"},{\"@type\":\"BreadcrumbList\",\"@id\":\"https:\\\/\\\/sunandmoon.re\\\/#breadcrumb\",\"itemListElement\":[{\"@type\":\"ListItem\",\"position\":1,\"name\":\"Accueil\",\"item\":\"https:\\\/\\\/sunandmoon.re\\\/\"},{\"@type\":\"ListItem\",\"position\":2,\"name\":\"Homepage\"}]},{\"@type\":\"WebSite\",\"@id\":\"https:\\\/\\\/sunandmoon.re\\\/#website\",\"url\":\"https:\\\/\\\/sunandmoon.re\\\/\",\"name\":\"Sun and Moon\",\"description\":\"Votre voyante \u00e0 La R\u00e9union\",\"publisher\":{\"@id\":\"https:\\\/\\\/sunandmoon.re\\\/#organization\"},\"potentialAction\":[{\"@type\":\"SearchAction\",\"target\":{\"@type\":\"EntryPoint\",\"urlTemplate\":\"https:\\\/\\\/sunandmoon.re\\\/?s={search_term_string}\"},\"query-input\":{\"@type\":\"PropertyValueSpecification\",\"valueRequired\":true,\"valueName\":\"search_term_string\"}}],\"inLanguage\":\"fr-FR\"},{\"@type\":\"Organization\",\"@id\":\"https:\\\/\\\/sunandmoon.re\\\/#organization\",\"name\":\"Sun and Moon\",\"url\":\"https:\\\/\\\/sunandmoon.re\\\/\",\"logo\":{\"@type\":\"ImageObject\",\"inLanguage\":\"fr-FR\",\"@id\":\"https:\\\/\\\/sunandmoon.re\\\/#\\\/schema\\\/logo\\\/image\\\/\",\"url\":\"https:\\\/\\\/sunandmoon.re\\\/wp-content\\\/uploads\\\/2023\\\/06\\\/cropped-8333545_transparent-1-1.png\",\"contentUrl\":\"https:\\\/\\\/sunandmoon.re\\\/wp-content\\\/uploads\\\/2023\\\/06\\\/cropped-8333545_transparent-1-1.png\",\"width\":1078,\"height\":1080,\"caption\":\"Sun and Moon\"},\"image\":{\"@id\":\"https:\\\/\\\/sunandmoon.re\\\/#\\\/schema\\\/logo\\\/image\\\/\"}}]}<\/script>\n<!-- \/ Yoast SEO plugin. -->","yoast_head_json":{"title":"Homepage - Sun and Moon","robots":{"index":"index","follow":"follow","max-snippet":"max-snippet:-1","max-image-preview":"max-image-preview:large","max-video-preview":"max-video-preview:-1"},"canonical":"https:\/\/sunandmoon.re\/","og_locale":"fr_FR","og_type":"article","og_title":"Homepage - Sun and Moon","og_description":"Vous voulez en savoir plus sur votre avenir ? Il est peut-\u00eatre temps de prendre son futur en main \u00e0 l&rsquo;aide des informations qui auront le pouvoir de vous faire avancer dans la bonne direction.\u00a0 Une question ? Un doute ? Je suis l\u00e0 pour vous aider, alors n&rsquo;h\u00e9sitez pas \u00e0 me contacter.\u00a0 Mes services [&hellip;]","og_url":"https:\/\/sunandmoon.re\/","og_site_name":"Sun and Moon","article_modified_time":"2024-10-07T17:03:46+00:00","og_image":[{"url":"https:\/\/sunandmoon.re\/wp-content\/uploads\/elementor\/thumbs\/astrology-circle-orance-dots-qecwon0ckhzjmoqrwetji3ge3vxxpc5kpy5pqp948o.png","type":"","width":"","height":""}],"twitter_card":"summary_large_image","twitter_misc":{"Dur\u00e9e de lecture estim\u00e9e":"2 minutes"},"schema":{"@context":"https:\/\/schema.org","@graph":[{"@type":"WebPage","@id":"https:\/\/sunandmoon.re\/","url":"https:\/\/sunandmoon.re\/","name":"Homepage - Sun and Moon","isPartOf":{"@id":"https:\/\/sunandmoon.re\/#website"},"primaryImageOfPage":{"@id":"https:\/\/sunandmoon.re\/#primaryimage"},"image":{"@id":"https:\/\/sunandmoon.re\/#primaryimage"},"thumbnailUrl":"https:\/\/sunandmoon.re\/wp-content\/uploads\/elementor\/thumbs\/astrology-circle-orance-dots-qecwon0ckhzjmoqrwetji3ge3vxxpc5kpy5pqp948o.png","datePublished":"2023-10-27T18:43:10+00:00","dateModified":"2024-10-07T17:03:46+00:00","breadcrumb":{"@id":"https:\/\/sunandmoon.re\/#breadcrumb"},"inLanguage":"fr-FR","potentialAction":[{"@type":"ReadAction","target":["https:\/\/sunandmoon.re\/"]}]},{"@type":"ImageObject","inLanguage":"fr-FR","@id":"https:\/\/sunandmoon.re\/#primaryimage","url":"https:\/\/sunandmoon.re\/wp-content\/uploads\/elementor\/thumbs\/astrology-circle-orance-dots-qecwon0ckhzjmoqrwetji3ge3vxxpc5kpy5pqp948o.png","contentUrl":"https:\/\/sunandmoon.re\/wp-content\/uploads\/elementor\/thumbs\/astrology-circle-orance-dots-qecwon0ckhzjmoqrwetji3ge3vxxpc5kpy5pqp948o.png"},{"@type":"BreadcrumbList","@id":"https:\/\/sunandmoon.re\/#breadcrumb","itemListElement":[{"@type":"ListItem","position":1,"name":"Accueil","item":"https:\/\/sunandmoon.re\/"},{"@type":"ListItem","position":2,"name":"Homepage"}]},{"@type":"WebSite","@id":"https:\/\/sunandmoon.re\/#website","url":"https:\/\/sunandmoon.re\/","name":"Sun and Moon","description":"Votre voyante \u00e0 La R\u00e9union","publisher":{"@id":"https:\/\/sunandmoon.re\/#organization"},"potentialAction":[{"@type":"SearchAction","target":{"@type":"EntryPoint","urlTemplate":"https:\/\/sunandmoon.re\/?s={search_term_string}"},"query-input":{"@type":"PropertyValueSpecification","valueRequired":true,"valueName":"search_term_string"}}],"inLanguage":"fr-FR"},{"@type":"Organization","@id":"https:\/\/sunandmoon.re\/#organization","name":"Sun and Moon","url":"https:\/\/sunandmoon.re\/","logo":{"@type":"ImageObject","inLanguage":"fr-FR","@id":"https:\/\/sunandmoon.re\/#\/schema\/logo\/image\/","url":"https:\/\/sunandmoon.re\/wp-content\/uploads\/2023\/06\/cropped-8333545_transparent-1-1.png","contentUrl":"https:\/\/sunandmoon.re\/wp-content\/uploads\/2023\/06\/cropped-8333545_transparent-1-1.png","width":1078,"height":1080,"caption":"Sun and Moon"},"image":{"@id":"https:\/\/sunandmoon.re\/#\/schema\/logo\/image\/"}}]}},"_links":{"self":[{"href":"https:\/\/sunandmoon.re\/index.php\/wp-json\/wp\/v2\/pages\/177","targetHints":{"allow":["GET"]}}],"collection":[{"href":"https:\/\/sunandmoon.re\/index.php\/wp-json\/wp\/v2\/pages"}],"about":[{"href":"https:\/\/sunandmoon.re\/index.php\/wp-json\/wp\/v2\/types\/page"}],"author":[{"embeddable":true,"href":"https:\/\/sunandmoon.re\/index.php\/wp-json\/wp\/v2\/users\/1"}],"replies":[{"embeddable":true,"href":"https:\/\/sunandmoon.re\/index.php\/wp-json\/wp\/v2\/comments?post=177"}],"version-history":[{"count":95,"href":"https:\/\/sunandmoon.re\/index.php\/wp-json\/wp\/v2\/pages\/177\/revisions"}],"predecessor-version":[{"id":431,"href":"https:\/\/sunandmoon.re\/index.php\/wp-json\/wp\/v2\/pages\/177\/revisions\/431"}],"wp:attachment":[{"href":"https:\/\/sunandmoon.re\/index.php\/wp-json\/wp\/v2\/media?parent=177"}],"curies":[{"name":"wp","href":"https:\/\/api.w.org\/{rel}","templated":true}]}}